{"id":3,"date":"2020-06-30T14:52:30","date_gmt":"2020-06-30T14:52:30","guid":{"rendered":"https:\/\/www.duckpinbowl.com\/?page_id=3"},"modified":"2021-01-20T11:17:47","modified_gmt":"2021-01-20T11:17:47","slug":"privacy-policy","status":"publish","type":"page","link":"https:\/\/www.duckpinbowl.com\/de\/privacy-policy\/","title":{"rendered":"Datenschutzerkl\u00e4rung"},"content":{"rendered":"<p>Diese Datenschutzrichtlinie beschreibt, wie Ihre pers\u00f6nlichen Daten erfasst, verwendet und weitergegeben werden, wenn Sie <a href=\"https:\/\/www.duckpinbowl.com\/de\/\" target=\"_blank\" rel=\"noreferrer noopener\">https:\/\/www.duckpinbowl.com<\/a> (die \"Site\"), die im Besitz und betrieben wird von <a href=\"https:\/\/www.funkbowling.com\/\" target=\"_blank\" rel=\"noreferrer noopener\">Funk-Bowling<\/a>.<\/p>\n\n\n\n<h3 class=\"wp-block-heading\"><strong>PERS\u00d6NLICHE INFORMATIONEN, DIE WIR SAMMELN<\/strong><\/h3>\n\n\n\n<p>Wenn Sie die Site besuchen, erfassen wir automatisch bestimmte Informationen \u00fcber Ihr Ger\u00e4t, einschlie\u00dflich Informationen \u00fcber Ihren Webbrowser, IP-Adresse, Zeitzone und einige der Cookies, die auf Ihrem Ger\u00e4t installiert sind. Dar\u00fcber hinaus erfassen wir beim Browsen der Site Informationen \u00fcber die einzelnen Webseiten oder Produkte, die Sie sich ansehen, welche Websites oder Suchbegriffe Sie auf die Site verwiesen haben und Informationen dar\u00fcber, wie Sie mit der Site interagieren.<\/p>\n\n\n\n<p>Wir bezeichnen diese automatisch gesammelten Informationen als \"Ger\u00e4teinformationen\".<\/p>\n\n\n\n<p>Wir sammeln Ger\u00e4teinformationen unter Verwendung der folgenden Technologien:<\/p>\n\n\n\n<ul class=\"wp-block-list\"><li>\"Cookies\" sind Datendateien, die auf Ihrem Ger\u00e4t oder Computer abgelegt werden und oft eine anonyme, eindeutige Kennung enthalten. F\u00fcr weitere Informationen \u00fcber Cookies und wie man Cookies deaktiviert, besuchen Sie&nbsp;<a href=\"http:\/\/www.allaboutcookies.org\/\">http:\/\/www.allaboutcookies.org<\/a>.<\/li><li>\"Log-Dateien\" verfolgen Aktionen, die auf der Website stattfinden, und sammeln Daten, einschlie\u00dflich Ihrer IP-Adresse, des Browsertyps, des Internet-Service-Providers, der verweisenden\/verlassenen Seiten und Datums-\/Zeitstempel.<\/li><li>\"Web-Beacons\", \"Tags\" und \"Pixel\" sind elektronische Dateien, die dazu verwendet werden, Informationen dar\u00fcber aufzuzeichnen, wie Sie auf der Website browsen.<\/li><\/ul>\n\n\n\n<p>Wenn wir in dieser Datenschutzrichtlinie von \"Pers\u00f6nlichen Informationen\" sprechen, sprechen wir sowohl von Ger\u00e4teinformationen.<\/p>\n\n\n\n<h3 class=\"wp-block-heading\"><strong>WIE VERWENDEN WIR IHRE PERS\u00d6NLICHEN DATEN?<\/strong><\/h3>\n\n\n\n<p>Wir verwenden die von uns gesammelten Ger\u00e4tedaten, um uns bei der Pr\u00fcfung auf potenzielle Risiken und Betrug (insbesondere Ihre IP-Adresse) zu unterst\u00fctzen und ganz allgemein, um unsere Website zu verbessern und zu optimieren (z. B. durch die Erstellung von Analysen dar\u00fcber, wie unsere Kunden auf der Website surfen und mit ihr interagieren, und um den Erfolg unserer Marketing- und Werbekampagnen zu bewerten).<\/p>\n\n\n\n<p>Wir verwenden Ihre Webaktivit\u00e4tsdaten auch, um Ihnen relevante Angebote, Marketing- und Werbeaktionen per E-Mail und \u00fcber Online-Werbung mitzuteilen.<\/p>\n\n\n\n<h3 class=\"wp-block-heading\"><strong>WEITERGABE IHRER PERS\u00d6NLICHEN INFORMATIONEN<\/strong><\/h3>\n\n\n\n<p>Wir geben Ihre pers\u00f6nlichen Daten an Dritte weiter, um uns bei der Verwendung Ihrer pers\u00f6nlichen Daten, wie oben beschrieben, zu unterst\u00fctzen.  Beispielsweise verwenden wir Google Analytics, um zu verstehen, wie unsere Kunden die Website nutzen - hier erfahren Sie mehr dar\u00fcber, wie Google Ihre pers\u00f6nlichen Daten verwendet:&nbsp;&nbsp;<a href=\"https:\/\/www.google.com\/intl\/en\/policies\/privacy\/\">https:\/\/www.google.com\/intl\/en\/policies\/privacy\/<\/a><\/p>\n\n\n\n<p>Sie k\u00f6nnen Google Analytics hier auch deaktivieren:&nbsp;&nbsp;<a href=\"https:\/\/tools.google.com\/dlpage\/gaoptout\">https:\/\/tools.google.com\/dlpage\/gaoptout<\/a><\/p>\n\n\n\n<p>Schlie\u00dflich k\u00f6nnen wir Ihre pers\u00f6nlichen Daten auch weitergeben, um geltende Gesetze und Vorschriften einzuhalten, um auf eine Vorladung, einen Durchsuchungsbefehl oder eine andere rechtm\u00e4\u00dfige Anforderung von Informationen, die wir erhalten, zu antworten oder um unsere Rechte anderweitig zu sch\u00fctzen.<\/p>\n\n\n\n<h3 class=\"wp-block-heading\"><strong>VERHALTENSORIENTIERTE WERBUNG<\/strong><\/h3>\n\n\n\n<p>Wie oben beschrieben, verwenden wir Ihre pers\u00f6nlichen Daten, um Ihnen gezielte Werbung oder Marketingmitteilungen zukommen zu lassen, von denen wir glauben, dass sie f\u00fcr Sie von Interesse sein k\u00f6nnten.  F\u00fcr weitere Informationen dar\u00fcber, wie gezielte Werbung funktioniert, k\u00f6nnen Sie die Bildungsseite der Network Advertising Initiative (\"NAI\") besuchen:&nbsp;<a href=\"https:\/\/www.networkadvertising.org\/understanding-online-advertising\/how-does-it-work\">http:\/\/www.networkadvertising.org\/understanding-online-advertising\/how-does-it-work<\/a><\/p>\n\n\n\n<p>Sie k\u00f6nnen sich von der gezielten Werbung abmelden, indem Sie auf den von Ihnen gew\u00e4hlten Plattformen auf die untenstehenden Links klicken:<\/p>\n\n\n\n<ul class=\"wp-block-list\"><li>GESICHTSBUCH -&nbsp;<a href=\"https:\/\/www.facebook.com\/settings\/?tab=ads\">https:\/\/www.facebook.com\/settings\/?tab=ads<\/a><\/li><li>GOOGLE -&nbsp;<a href=\"https:\/\/www.google.com\/settings\/ads\/anonymous\">https:\/\/www.google.com\/settings\/ads\/anonymous<\/a><\/li><li>BING -&nbsp;<a href=\"https:\/\/advertise.bingads.microsoft.com\/en-us\/resources\/policies\/personalized-ads\">https:\/\/advertise.bingads.microsoft.com\/en-us\/resources\/policies\/personalized-ads<\/a><\/li><\/ul>\n\n\n\n<p>Dar\u00fcber hinaus k\u00f6nnen Sie sich von einigen dieser Dienste abmelden, indem Sie das Abmeldeportal der Digital Advertising Alliance unter&nbsp;&nbsp;<a href=\"http:\/\/optout.aboutads.info\/\">http:\/\/optout.aboutads.info\/<\/a><\/p>\n\n\n\n<h3 class=\"wp-block-heading\"><strong>NICHT VERFOLGEN<\/strong><\/h3>\n\n\n\n<p>Bitte beachten Sie, dass wir die Datenerfassungs- und Nutzungspraktiken unserer Website nicht \u00e4ndern, wenn wir das Signal \"Nicht verfolgen\" von Ihrem Browser sehen.<\/p>\n\n\n\n<h3 class=\"wp-block-heading\"><strong>\u00c4NDERUNGEN<\/strong><\/h3>\n\n\n\n<p>Wir behalten uns vor, diese Datenschutzrichtlinie von Zeit zu Zeit zu aktualisieren, um z.B. \u00c4nderungen unserer Praktiken oder aus anderen betrieblichen, rechtlichen oder regulatorischen Gr\u00fcnden zu ber\u00fccksichtigen.<\/p>\n\n\n\n<h3 class=\"wp-block-heading\"><strong>KONTAKT<\/strong><\/h3>\n\n\n\n<p>F\u00fcr weitere Informationen \u00fcber unsere Datenschutzpraktiken, wenn Sie Fragen haben oder eine Beschwerde einreichen m\u00f6chten, wenden Sie sich bitte an&nbsp;<a href=\"https:\/\/www.funkbowling.com\/contact\/\">Kontakt<\/a>.<\/p>","protected":false},"excerpt":{"rendered":"<p>This Privacy Policy describes how your personal information is collected, used, and shared when you visit https:\/\/www.duckpinbowl.com (the \u201cSite\u201d) which is owned and operated by Funk Bowling. PERSONAL INFORMATION WE COLLECT When you visit the Site, we automatically collect certain information about your device, including information about your web browser, IP address, time zone, and [&hellip;]<\/p>\n","protected":false},"author":1,"featured_media":0,"parent":0,"menu_order":0,"comment_status":"closed","ping_status":"open","template":"","meta":{"_et_pb_use_builder":"","_et_pb_old_content":"","_et_gb_content_width":"1080","footnotes":""},"class_list":["post-3","page","type-page","status-publish","hentry"],"yoast_head":"<!-- This site is optimized with the Yoast SEO plugin v27.4 - https:\/\/yoast.com\/product\/yoast-seo-wordpress\/ -->\n<title>Privacy Policy - Duckpin Bowling by Funk<\/title>\n<meta name=\"description\" content=\"View our privacy policy for more information on how we use website data.\" \/>\n<meta name=\"robots\" content=\"index, follow, max-snippet:-1, max-image-preview:large, max-video-preview:-1\" \/>\n<link rel=\"canonical\" href=\"https:\/\/www.duckpinbowl.com\/de\/privacy-policy\/\" \/>\n<meta property=\"og:locale\" content=\"de_DE\" \/>\n<meta property=\"og:type\" content=\"article\" \/>\n<meta property=\"og:title\" content=\"Privacy Policy - Duckpin Bowling by Funk\" \/>\n<meta property=\"og:description\" content=\"View our privacy policy for more information on how we use website data.\" \/>\n<meta property=\"og:url\" content=\"https:\/\/www.duckpinbowl.com\/de\/privacy-policy\/\" \/>\n<meta property=\"og:site_name\" content=\"Duckpin Bowling\" \/>\n<meta property=\"article:publisher\" content=\"https:\/\/www.facebook.com\/bowlduckpin\" \/>\n<meta property=\"article:modified_time\" content=\"2021-01-20T11:17:47+00:00\" \/>\n<meta name=\"twitter:card\" content=\"summary_large_image\" \/>\n<meta name=\"twitter:label1\" content=\"Gesch\u00e4tzte Lesezeit\" \/>\n\t<meta name=\"twitter:data1\" content=\"3\u00a0Minuten\" \/>\n<script type=\"application\/ld+json\" class=\"yoast-schema-graph\">{\"@context\":\"https:\\\/\\\/schema.org\",\"@graph\":[{\"@type\":\"WebPage\",\"@id\":\"https:\\\/\\\/www.duckpinbowl.com\\\/privacy-policy\\\/\",\"url\":\"https:\\\/\\\/www.duckpinbowl.com\\\/privacy-policy\\\/\",\"name\":\"Privacy Policy - Duckpin Bowling by Funk\",\"isPartOf\":{\"@id\":\"https:\\\/\\\/www.duckpinbowl.com\\\/#website\"},\"datePublished\":\"2020-06-30T14:52:30+00:00\",\"dateModified\":\"2021-01-20T11:17:47+00:00\",\"description\":\"View our privacy policy for more information on how we use website data.\",\"breadcrumb\":{\"@id\":\"https:\\\/\\\/www.duckpinbowl.com\\\/privacy-policy\\\/#breadcrumb\"},\"inLanguage\":\"de\",\"potentialAction\":[{\"@type\":\"ReadAction\",\"target\":[\"https:\\\/\\\/www.duckpinbowl.com\\\/privacy-policy\\\/\"]}]},{\"@type\":\"BreadcrumbList\",\"@id\":\"https:\\\/\\\/www.duckpinbowl.com\\\/privacy-policy\\\/#breadcrumb\",\"itemListElement\":[{\"@type\":\"ListItem\",\"position\":1,\"name\":\"Home\",\"item\":\"https:\\\/\\\/www.duckpinbowl.com\\\/\"},{\"@type\":\"ListItem\",\"position\":2,\"name\":\"Privacy Policy\"}]},{\"@type\":\"WebSite\",\"@id\":\"https:\\\/\\\/www.duckpinbowl.com\\\/#website\",\"url\":\"https:\\\/\\\/www.duckpinbowl.com\\\/\",\"name\":\"Duckpin Bowling\",\"description\":\"\",\"publisher\":{\"@id\":\"https:\\\/\\\/www.duckpinbowl.com\\\/#organization\"},\"potentialAction\":[{\"@type\":\"SearchAction\",\"target\":{\"@type\":\"EntryPoint\",\"urlTemplate\":\"https:\\\/\\\/www.duckpinbowl.com\\\/?s={search_term_string}\"},\"query-input\":{\"@type\":\"PropertyValueSpecification\",\"valueRequired\":true,\"valueName\":\"search_term_string\"}}],\"inLanguage\":\"de\"},{\"@type\":\"Organization\",\"@id\":\"https:\\\/\\\/www.duckpinbowl.com\\\/#organization\",\"name\":\"Duckpin Bowling\",\"url\":\"https:\\\/\\\/www.duckpinbowl.com\\\/\",\"logo\":{\"@type\":\"ImageObject\",\"inLanguage\":\"de\",\"@id\":\"https:\\\/\\\/www.duckpinbowl.com\\\/#\\\/schema\\\/logo\\\/image\\\/\",\"url\":\"https:\\\/\\\/www.duckpinbowl.com\\\/wp-content\\\/uploads\\\/2020\\\/08\\\/Duckpin-Final-Logo-300px.png\",\"contentUrl\":\"https:\\\/\\\/www.duckpinbowl.com\\\/wp-content\\\/uploads\\\/2020\\\/08\\\/Duckpin-Final-Logo-300px.png\",\"width\":300,\"height\":209,\"caption\":\"Duckpin Bowling\"},\"image\":{\"@id\":\"https:\\\/\\\/www.duckpinbowl.com\\\/#\\\/schema\\\/logo\\\/image\\\/\"},\"sameAs\":[\"https:\\\/\\\/www.facebook.com\\\/bowlduckpin\",\"https:\\\/\\\/www.instagram.com\\\/duckpinbowl\\\/\"]}]}<\/script>\n<!-- \/ Yoast SEO plugin. -->","yoast_head_json":{"title":"Datenschutzerkl\u00e4rung - Duckpin Bowling by Funk","description":"Weitere Informationen \u00fcber die Verwendung von Website-Daten finden Sie in unserer Datenschutzrichtlinie.","robots":{"index":"index","follow":"follow","max-snippet":"max-snippet:-1","max-image-preview":"max-image-preview:large","max-video-preview":"max-video-preview:-1"},"canonical":"https:\/\/www.duckpinbowl.com\/de\/privacy-policy\/","og_locale":"de_DE","og_type":"article","og_title":"Privacy Policy - Duckpin Bowling by Funk","og_description":"View our privacy policy for more information on how we use website data.","og_url":"https:\/\/www.duckpinbowl.com\/de\/privacy-policy\/","og_site_name":"Duckpin Bowling","article_publisher":"https:\/\/www.facebook.com\/bowlduckpin","article_modified_time":"2021-01-20T11:17:47+00:00","twitter_card":"summary_large_image","twitter_misc":{"Gesch\u00e4tzte Lesezeit":"3\u00a0Minuten"},"schema":{"@context":"https:\/\/schema.org","@graph":[{"@type":"WebPage","@id":"https:\/\/www.duckpinbowl.com\/privacy-policy\/","url":"https:\/\/www.duckpinbowl.com\/privacy-policy\/","name":"Datenschutzerkl\u00e4rung - Duckpin Bowling by Funk","isPartOf":{"@id":"https:\/\/www.duckpinbowl.com\/#website"},"datePublished":"2020-06-30T14:52:30+00:00","dateModified":"2021-01-20T11:17:47+00:00","description":"Weitere Informationen \u00fcber die Verwendung von Website-Daten finden Sie in unserer Datenschutzrichtlinie.","breadcrumb":{"@id":"https:\/\/www.duckpinbowl.com\/privacy-policy\/#breadcrumb"},"inLanguage":"de","potentialAction":[{"@type":"ReadAction","target":["https:\/\/www.duckpinbowl.com\/privacy-policy\/"]}]},{"@type":"BreadcrumbList","@id":"https:\/\/www.duckpinbowl.com\/privacy-policy\/#breadcrumb","itemListElement":[{"@type":"ListItem","position":1,"name":"Home","item":"https:\/\/www.duckpinbowl.com\/"},{"@type":"ListItem","position":2,"name":"Privacy Policy"}]},{"@type":"WebSite","@id":"https:\/\/www.duckpinbowl.com\/#website","url":"https:\/\/www.duckpinbowl.com\/","name":"Duckpin Bowling","description":"","publisher":{"@id":"https:\/\/www.duckpinbowl.com\/#organization"},"potentialAction":[{"@type":"SearchAction","target":{"@type":"EntryPoint","urlTemplate":"https:\/\/www.duckpinbowl.com\/?s={search_term_string}"},"query-input":{"@type":"PropertyValueSpecification","valueRequired":true,"valueName":"search_term_string"}}],"inLanguage":"de"},{"@type":"Organization","@id":"https:\/\/www.duckpinbowl.com\/#organization","name":"Duckpin Bowling","url":"https:\/\/www.duckpinbowl.com\/","logo":{"@type":"ImageObject","inLanguage":"de","@id":"https:\/\/www.duckpinbowl.com\/#\/schema\/logo\/image\/","url":"https:\/\/www.duckpinbowl.com\/wp-content\/uploads\/2020\/08\/Duckpin-Final-Logo-300px.png","contentUrl":"https:\/\/www.duckpinbowl.com\/wp-content\/uploads\/2020\/08\/Duckpin-Final-Logo-300px.png","width":300,"height":209,"caption":"Duckpin Bowling"},"image":{"@id":"https:\/\/www.duckpinbowl.com\/#\/schema\/logo\/image\/"},"sameAs":["https:\/\/www.facebook.com\/bowlduckpin","https:\/\/www.instagram.com\/duckpinbowl\/"]}]}},"jetpack_sharing_enabled":true,"_links":{"self":[{"href":"https:\/\/www.duckpinbowl.com\/de\/wp-json\/wp\/v2\/pages\/3","targetHints":{"allow":["GET"]}}],"collection":[{"href":"https:\/\/www.duckpinbowl.com\/de\/wp-json\/wp\/v2\/pages"}],"about":[{"href":"https:\/\/www.duckpinbowl.com\/de\/wp-json\/wp\/v2\/types\/page"}],"author":[{"embeddable":true,"href":"https:\/\/www.duckpinbowl.com\/de\/wp-json\/wp\/v2\/users\/1"}],"replies":[{"embeddable":true,"href":"https:\/\/www.duckpinbowl.com\/de\/wp-json\/wp\/v2\/comments?post=3"}],"version-history":[{"count":0,"href":"https:\/\/www.duckpinbowl.com\/de\/wp-json\/wp\/v2\/pages\/3\/revisions"}],"wp:attachment":[{"href":"https:\/\/www.duckpinbowl.com\/de\/wp-json\/wp\/v2\/media?parent=3"}],"curies":[{"name":"wp","href":"https:\/\/api.w.org\/{rel}","templated":true}]}}